{"id":693,"date":"2022-06-17T11:44:17","date_gmt":"2022-06-17T09:44:17","guid":{"rendered":"https:\/\/castellocapano.org\/?page_id=693"},"modified":"2022-06-17T16:30:45","modified_gmt":"2022-06-17T14:30:45","slug":"about","status":"publish","type":"page","link":"https:\/\/castellocapano.org\/it\/about\/","title":{"rendered":"About"},"content":{"rendered":"<section class=\"section\" id=\"section_422699886\">\n\t\t<div class=\"bg section-bg fill bg-fill  bg-loaded\" >\n\n\t\t\t\n\t\t\t\n\t\t\t\n\n\t\t<\/div>\n\n\t\t<div class=\"section-content relative\">\n\t\t\t\n\n\t<div id=\"gap-1787280832\" class=\"gap-element clearfix\" style=\"display:block; height:auto;\">\n\t\t\n<style>\n#gap-1787280832 {\n  padding-top: 30px;\n}\n<\/style>\n\t<\/div>\n\t\n\n<div class=\"row\"  id=\"row-2131215684\">\n\n\n\t<div id=\"col-1633534340\" class=\"col medium-4 small-12 large-2\"  >\n\t\t<div class=\"col-inner\"  >\n\t\t\t\n\t\t\t\n\n\t<div id=\"text-1608465085\" class=\"text\">\n\t\t\n\n<h2>Il Castello<\/h2>\n\t\t\n<style>\n#text-1608465085 {\n  font-size: 1.5rem;\n}\n<\/style>\n\t<\/div>\n\t\n\n\t\t<\/div>\n\t\t\t<\/div>\n\n\t\n\n\t<div id=\"col-136518192\" class=\"col medium-8 small-12 large-10\"  >\n\t\t<div class=\"col-inner\"  >\n\t\t\t\n\t\t\t\n\n<p class=\"translation-block\">Il Castello dei Principi Capano fu edificato nel 1290 da Guido d'Alment, giunto in Italia al seguito di Carlo I d'Angi\u00f2 e successivamente acquistato dalla famiglia Capano, assieme a tutto il feudo di Pollica. Quello che ci appare oggi \u00e8 il castello risultato della ristrutturazione del 1610 voluta da un illustre membro della famiglia, Vincenzo Capano, 15\u00b0 principe di Pollica. Da allora non ha subito modifiche rilevanti, infatti i pochi rifacimenti effettuati sono stati eseguiti con materiali tradizionali, per cui il risultato \u00e8 una sostanziale omogeneit\u00e0 e continuit\u00e0 nei passaggi della struttura architettonica.<\/p>\n<p>Collocato nel cuore di Pollica, proprio sopra la piazza principale, il Castello conserva le sue caratteristiche peculiari nei vari ambienti e spazi che lo compongono, tra cui il frantoio (l'ugliaro), le stalle e i posti di guardia. A primo impatto pu\u00f2 apparire come un castello pensato per la difesa del borgo, ma in realt\u00e0 \u00e8 stato anche e soprattutto un'elegante residenza di provincia. Le possenti mura, le strette finestre e le feritoie per gli archibugi che tengono sotto controllo l'ingresso principale, avvalorano la prima tesi; mentre la vastit\u00e0 delle stanze, l'elegante portone e la torre stessa, che svetta su tutti gli altri edifici circostanti, lo fanno sembrare molto pi\u00f9 espressione del prestigio della potente famiglia Capano. La torre medievale che sembra sorgere dal mare, a pianta quadrata su tre piani che prendono luce ciascuno da una monofora, \u00e8 il simbolo di Pollica e d\u00e0 l'impressione di sorvegliarla, assieme ai suoi abitanti ed alle sue memorie storiche.<\/p>\n<p>Nel 1941, il Castello \u00e8 stato riconosciuto come sito di interesse storico-artistico e nel 1997 \u00e8 stato acquistato dal Comune diventando un patrimonio di Pollica e dei Pollichesi.<\/p>\n<p class=\"translation-block\">Oggi il Castello gode di una seconda vita, trasformato in un polo internazionale dedicato alla formazione e alla ricerca sui temi della Dieta Mediterranea, per dare continuit\u00e0 al lavoro di Margaret e Ancel Keys, famosi ricercatori americani che decisero di trasferirsi a Pollica vivendoci 40 anni per studiare i benefici su mente e corpo di tali abitudini alimentari.<\/p>\n<p class=\"translation-block\">Il Castello \u00e8 oggi sede sia del Campus Paideia che del Centro Studi Dieta Mediterranea \"Angelo Vassallo\". Il primo \u00e8 un progetto del Future Food Institute, avviato nel maggio 2021, che si propone di elaborare e insegnare nuove strategie di sviluppo sostenibile e di ecologia integrale con la collaborazione delle istituzioni locali. Il secondo, inaugurato nel 2010, \u00e8 un polo di ricerca che punta ad educare ed informare le persone sull'importanza dello stile di vita mediterraneo per prendersi cura del benessere dell\u2019individuo e dei suoi spazi. Il nome del Centro \u00e8 dedicato all'ex sindaco di Pollica Angelo Vassallo, che con il suo impegno e lavoro ha contribuito alla rivalorizzazione della citt\u00e0 ed \u00e8 stato il principale promotore dell'iniziativa che ha portato la Dieta Mediterranea ad essere riconosciuta come patrimonio immateriale UNESCO nel 2010.<\/p>\n<p>L'importanza di Pollica per la promozione e la diffusione dei valori mediterranei \u00e8 riconosciuta a livello mondiale, tanto che le \u00e8 stata affidata la responsabilit\u00e0 di coordinare la comunit\u00e0 emblematica della Dieta Mediterranea per l'anno 2022. Inoltre, il grande lavoro svolto dalle amministrazioni locali e da questi istituti di ricerca ha permesso alla citt\u00e0 di essere selezionata come Living Lab per la rete Cities2030 e come punto di riferimento per il progetto New European Bauhaus.<\/p>\n<p>Grazie a queste partnership, il Castello dei Principi di Capano \u00e8 oggi molto pi\u00f9 di un sito storico e artistico, in quanto \u00e8 diventato una sede vivace e dinamica per attivit\u00e0 ed eventi culturali, istituzionali e per la comunit\u00e0. \u00c8 un fuoco che non vuole smettere di ardere, cercando di \"bruciare\" i problemi di abbandono e impoverimento che affliggono il Cilento interno.<\/p>\n\n\t\t<\/div>\n\t\t\t<\/div>\n\n\t\n\n<\/div>\n\n\t\t<\/div>\n\n\t\t\n<style>\n#section_422699886 {\n  padding-top: 30px;\n  padding-bottom: 30px;\n}\n<\/style>\n\t<\/section>\n\t\n  <div class=\"banner-grid-wrapper\">\n  <div id=\"banner-grid-737161869\" class=\"banner-grid row row-grid row-small\" data-packery-options=\"\">\n                      \n\n<div class=\"col grid-col large-6 grid-col-1\" ><div class=\"col-inner\">\n\n\t<div class=\"img has-hover x md-x lg-x y md-y lg-y\" id=\"image_594891837\">\n\t\t\t\t\t\t\t\t<div class=\"img-inner dark\" >\n\t\t\t<img loading=\"lazy\" decoding=\"async\" width=\"1020\" height=\"680\" src=\"https:\/\/castellocapano.org\/wp-content\/uploads\/2022\/06\/10-1536x1024.jpg\" class=\"attachment-large size-large\" alt=\"\" srcset=\"https:\/\/castellocapano.org\/wp-content\/uploads\/2022\/06\/10-1536x1024.jpg 1536w, https:\/\/castellocapano.org\/wp-content\/uploads\/2022\/06\/10-300x200.jpg 300w, https:\/\/castellocapano.org\/wp-content\/uploads\/2022\/06\/10-768x512.jpg 768w, https:\/\/castellocapano.org\/wp-content\/uploads\/2022\/06\/10-2048x1365.jpg 2048w, https:\/\/castellocapano.org\/wp-content\/uploads\/2022\/06\/10-18x12.jpg 18w\" sizes=\"auto, (max-width: 1020px) 100vw, 1020px\" \/>\t\t\t\t\t\t\n\t\t\t\t\t<\/div>\n\t\t\t\t\t\t\t\t\n<style>\n#image_594891837 {\n  width: 100%;\n}\n<\/style>\n\t<\/div>\n\t\n\n\n<\/div><\/div>\n<div class=\"col grid-col large-3 grid-col-1-2\" ><div class=\"col-inner\">\n\n\t<div class=\"img has-hover x md-x lg-x y md-y lg-y\" id=\"image_2086627485\">\n\t\t\t\t\t\t\t\t<div class=\"img-inner dark\" >\n\t\t\t<img loading=\"lazy\" decoding=\"async\" width=\"1020\" height=\"680\" src=\"https:\/\/castellocapano.org\/wp-content\/uploads\/2022\/06\/paideia-campus-1536x1024.jpg\" class=\"attachment-large size-large\" alt=\"\" srcset=\"https:\/\/castellocapano.org\/wp-content\/uploads\/2022\/06\/paideia-campus-1536x1024.jpg 1536w, https:\/\/castellocapano.org\/wp-content\/uploads\/2022\/06\/paideia-campus-300x200.jpg 300w, https:\/\/castellocapano.org\/wp-content\/uploads\/2022\/06\/paideia-campus-768x512.jpg 768w, https:\/\/castellocapano.org\/wp-content\/uploads\/2022\/06\/paideia-campus-2048x1365.jpg 2048w, https:\/\/castellocapano.org\/wp-content\/uploads\/2022\/06\/paideia-campus-18x12.jpg 18w\" sizes=\"auto, (max-width: 1020px) 100vw, 1020px\" \/>\t\t\t\t\t\t\n\t\t\t\t\t<\/div>\n\t\t\t\t\t\t\t\t\n<style>\n#image_2086627485 {\n  width: 100%;\n}\n<\/style>\n\t<\/div>\n\t\n\n\n<\/div><\/div>\n<div class=\"col grid-col large-3 grid-col-1-2\" ><div class=\"col-inner\">\n\n\t<div class=\"img has-hover x md-x lg-x y md-y lg-y\" id=\"image_1391115418\">\n\t\t\t\t\t\t\t\t<div class=\"img-inner dark\" >\n\t\t\t<img loading=\"lazy\" decoding=\"async\" width=\"1020\" height=\"784\" src=\"https:\/\/castellocapano.org\/wp-content\/uploads\/2022\/06\/pollica-solita-1332x1024.jpg\" class=\"attachment-large size-large\" alt=\"\" srcset=\"https:\/\/castellocapano.org\/wp-content\/uploads\/2022\/06\/pollica-solita-1332x1024.jpg 1332w, https:\/\/castellocapano.org\/wp-content\/uploads\/2022\/06\/pollica-solita-300x231.jpg 300w, https:\/\/castellocapano.org\/wp-content\/uploads\/2022\/06\/pollica-solita-768x590.jpg 768w, https:\/\/castellocapano.org\/wp-content\/uploads\/2022\/06\/pollica-solita-1536x1181.jpg 1536w, https:\/\/castellocapano.org\/wp-content\/uploads\/2022\/06\/pollica-solita-16x12.jpg 16w, https:\/\/castellocapano.org\/wp-content\/uploads\/2022\/06\/pollica-solita.jpg 1832w\" sizes=\"auto, (max-width: 1020px) 100vw, 1020px\" \/>\t\t\t\t\t\t\n\t\t\t\t\t<\/div>\n\t\t\t\t\t\t\t\t\n<style>\n#image_1391115418 {\n  width: 100%;\n}\n<\/style>\n\t<\/div>\n\t\n\n\n<\/div><\/div>\n<div class=\"col grid-col large-3 grid-col-1-2\" ><div class=\"col-inner\">\n\n\t<div class=\"img has-hover x md-x lg-x y md-y lg-y\" id=\"image_1232658303\">\n\t\t\t\t\t\t\t\t<div class=\"img-inner dark\" >\n\t\t\t<img loading=\"lazy\" decoding=\"async\" width=\"683\" height=\"1024\" src=\"https:\/\/castellocapano.org\/wp-content\/uploads\/2022\/06\/IMG_6079-683x1024.jpg\" class=\"attachment-large size-large\" alt=\"\" srcset=\"https:\/\/castellocapano.org\/wp-content\/uploads\/2022\/06\/IMG_6079-683x1024.jpg 683w, https:\/\/castellocapano.org\/wp-content\/uploads\/2022\/06\/IMG_6079-200x300.jpg 200w, https:\/\/castellocapano.org\/wp-content\/uploads\/2022\/06\/IMG_6079-768x1152.jpg 768w, https:\/\/castellocapano.org\/wp-content\/uploads\/2022\/06\/IMG_6079-1024x1536.jpg 1024w, https:\/\/castellocapano.org\/wp-content\/uploads\/2022\/06\/IMG_6079-1365x2048.jpg 1365w, https:\/\/castellocapano.org\/wp-content\/uploads\/2022\/06\/IMG_6079-8x12.jpg 8w, https:\/\/castellocapano.org\/wp-content\/uploads\/2022\/06\/IMG_6079-scaled.jpg 1707w\" sizes=\"auto, (max-width: 683px) 100vw, 683px\" \/>\t\t\t\t\t\t\n\t\t\t\t\t<\/div>\n\t\t\t\t\t\t\t\t\n<style>\n#image_1232658303 {\n  width: 100%;\n}\n<\/style>\n\t<\/div>\n\t\n\n\n<\/div><\/div>\n<div class=\"col grid-col large-3 grid-col-1-2\" ><div class=\"col-inner\">\n\n\t<div class=\"img has-hover x md-x lg-x y md-y lg-y\" id=\"image_94248251\">\n\t\t\t\t\t\t\t\t<div class=\"img-inner dark\" >\n\t\t\t<img loading=\"lazy\" decoding=\"async\" width=\"1020\" height=\"680\" src=\"https:\/\/castellocapano.org\/wp-content\/uploads\/2022\/06\/75BCE3EB-3595-4FC5-AC3F-4EDCDB61A0EC-1536x1024.jpg\" class=\"attachment-large size-large\" alt=\"\" srcset=\"https:\/\/castellocapano.org\/wp-content\/uploads\/2022\/06\/75BCE3EB-3595-4FC5-AC3F-4EDCDB61A0EC-1536x1024.jpg 1536w, https:\/\/castellocapano.org\/wp-content\/uploads\/2022\/06\/75BCE3EB-3595-4FC5-AC3F-4EDCDB61A0EC-300x200.jpg 300w, https:\/\/castellocapano.org\/wp-content\/uploads\/2022\/06\/75BCE3EB-3595-4FC5-AC3F-4EDCDB61A0EC-768x512.jpg 768w, https:\/\/castellocapano.org\/wp-content\/uploads\/2022\/06\/75BCE3EB-3595-4FC5-AC3F-4EDCDB61A0EC-2048x1365.jpg 2048w, https:\/\/castellocapano.org\/wp-content\/uploads\/2022\/06\/75BCE3EB-3595-4FC5-AC3F-4EDCDB61A0EC-18x12.jpg 18w\" sizes=\"auto, (max-width: 1020px) 100vw, 1020px\" \/>\t\t\t\t\t\t\n\t\t\t\t\t<\/div>\n\t\t\t\t\t\t\t\t\n<style>\n#image_94248251 {\n  width: 100%;\n}\n<\/style>\n\t<\/div>\n\t\n\n\n<\/div><\/div>\n\n            <\/div>\n    <style>\n    #banner-grid-737161869 .grid-col-1{height: 600px}\n    #banner-grid-737161869 .grid-col-1-2{height: 300px}\n    #banner-grid-737161869 .grid-col-1-3{height:200px}\n    #banner-grid-737161869 .grid-col-2-3{height: 400px}\n    #banner-grid-737161869 .grid-col-1-4{height: 150px}\n    #banner-grid-737161869 .grid-col-3-4{height: 450px}\n\n\n    \n    \n\n  <\/style>\n    <\/div>","protected":false},"excerpt":{"rendered":"","protected":false},"author":2,"featured_media":0,"parent":0,"menu_order":0,"comment_status":"closed","ping_status":"closed","template":"","meta":{"footnotes":""},"class_list":["post-693","page","type-page","status-publish","hentry"],"yoast_head":"<!-- This site is optimized with the Yoast SEO plugin v27.4 - https:\/\/yoast.com\/product\/yoast-seo-wordpress\/ -->\n<title>About - Castello dei Principi Capano<\/title>\n<meta name=\"robots\" content=\"index, follow, max-snippet:-1, max-image-preview:large, max-video-preview:-1\" \/>\n<link rel=\"canonical\" href=\"https:\/\/castellocapano.org\/it\/about\/\" \/>\n<meta property=\"og:locale\" content=\"it_IT\" \/>\n<meta property=\"og:type\" content=\"article\" \/>\n<meta property=\"og:title\" content=\"About - Castello dei Principi Capano\" \/>\n<meta property=\"og:url\" content=\"https:\/\/castellocapano.org\/it\/about\/\" \/>\n<meta property=\"og:site_name\" content=\"Castello dei Principi Capano\" \/>\n<meta property=\"article:modified_time\" content=\"2022-06-17T14:30:45+00:00\" \/>\n<meta name=\"twitter:card\" content=\"summary_large_image\" \/>\n<meta name=\"twitter:label1\" content=\"Tempo di lettura stimato\" \/>\n\t<meta name=\"twitter:data1\" content=\"3 minuti\" \/>\n<script type=\"application\/ld+json\" class=\"yoast-schema-graph\">{\"@context\":\"https:\\\/\\\/schema.org\",\"@graph\":[{\"@type\":\"WebPage\",\"@id\":\"https:\\\/\\\/castellocapano.org\\\/about\\\/\",\"url\":\"https:\\\/\\\/castellocapano.org\\\/about\\\/\",\"name\":\"About - Castello dei Principi Capano\",\"isPartOf\":{\"@id\":\"https:\\\/\\\/castellocapano.org\\\/#website\"},\"datePublished\":\"2022-06-17T09:44:17+00:00\",\"dateModified\":\"2022-06-17T14:30:45+00:00\",\"breadcrumb\":{\"@id\":\"https:\\\/\\\/castellocapano.org\\\/about\\\/#breadcrumb\"},\"inLanguage\":\"it-IT\",\"potentialAction\":[{\"@type\":\"ReadAction\",\"target\":[\"https:\\\/\\\/castellocapano.org\\\/about\\\/\"]}]},{\"@type\":\"BreadcrumbList\",\"@id\":\"https:\\\/\\\/castellocapano.org\\\/about\\\/#breadcrumb\",\"itemListElement\":[{\"@type\":\"ListItem\",\"position\":1,\"name\":\"Home\",\"item\":\"https:\\\/\\\/castellocapano.org\\\/\"},{\"@type\":\"ListItem\",\"position\":2,\"name\":\"About\"}]},{\"@type\":\"WebSite\",\"@id\":\"https:\\\/\\\/castellocapano.org\\\/#website\",\"url\":\"https:\\\/\\\/castellocapano.org\\\/\",\"name\":\"Castello dei Principi Capano\",\"description\":\"\",\"potentialAction\":[{\"@type\":\"SearchAction\",\"target\":{\"@type\":\"EntryPoint\",\"urlTemplate\":\"https:\\\/\\\/castellocapano.org\\\/?s={search_term_string}\"},\"query-input\":{\"@type\":\"PropertyValueSpecification\",\"valueRequired\":true,\"valueName\":\"search_term_string\"}}],\"inLanguage\":\"it-IT\"}]}<\/script>\n<!-- \/ Yoast SEO plugin. -->","yoast_head_json":{"title":"About - Castello dei Principi Capano","robots":{"index":"index","follow":"follow","max-snippet":"max-snippet:-1","max-image-preview":"max-image-preview:large","max-video-preview":"max-video-preview:-1"},"canonical":"https:\/\/castellocapano.org\/it\/about\/","og_locale":"it_IT","og_type":"article","og_title":"About - Castello dei Principi Capano","og_url":"https:\/\/castellocapano.org\/it\/about\/","og_site_name":"Castello dei Principi Capano","article_modified_time":"2022-06-17T14:30:45+00:00","twitter_card":"summary_large_image","twitter_misc":{"Tempo di lettura stimato":"3 minuti"},"schema":{"@context":"https:\/\/schema.org","@graph":[{"@type":"WebPage","@id":"https:\/\/castellocapano.org\/about\/","url":"https:\/\/castellocapano.org\/about\/","name":"About - Castello dei Principi Capano","isPartOf":{"@id":"https:\/\/castellocapano.org\/#website"},"datePublished":"2022-06-17T09:44:17+00:00","dateModified":"2022-06-17T14:30:45+00:00","breadcrumb":{"@id":"https:\/\/castellocapano.org\/about\/#breadcrumb"},"inLanguage":"it-IT","potentialAction":[{"@type":"ReadAction","target":["https:\/\/castellocapano.org\/about\/"]}]},{"@type":"BreadcrumbList","@id":"https:\/\/castellocapano.org\/about\/#breadcrumb","itemListElement":[{"@type":"ListItem","position":1,"name":"Home","item":"https:\/\/castellocapano.org\/"},{"@type":"ListItem","position":2,"name":"About"}]},{"@type":"WebSite","@id":"https:\/\/castellocapano.org\/#website","url":"https:\/\/castellocapano.org\/","name":"Castello dei Principi Capano","description":"","potentialAction":[{"@type":"SearchAction","target":{"@type":"EntryPoint","urlTemplate":"https:\/\/castellocapano.org\/?s={search_term_string}"},"query-input":{"@type":"PropertyValueSpecification","valueRequired":true,"valueName":"search_term_string"}}],"inLanguage":"it-IT"}]}},"_links":{"self":[{"href":"https:\/\/castellocapano.org\/it\/wp-json\/wp\/v2\/pages\/693","targetHints":{"allow":["GET"]}}],"collection":[{"href":"https:\/\/castellocapano.org\/it\/wp-json\/wp\/v2\/pages"}],"about":[{"href":"https:\/\/castellocapano.org\/it\/wp-json\/wp\/v2\/types\/page"}],"author":[{"embeddable":true,"href":"https:\/\/castellocapano.org\/it\/wp-json\/wp\/v2\/users\/2"}],"replies":[{"embeddable":true,"href":"https:\/\/castellocapano.org\/it\/wp-json\/wp\/v2\/comments?post=693"}],"version-history":[{"count":4,"href":"https:\/\/castellocapano.org\/it\/wp-json\/wp\/v2\/pages\/693\/revisions"}],"predecessor-version":[{"id":712,"href":"https:\/\/castellocapano.org\/it\/wp-json\/wp\/v2\/pages\/693\/revisions\/712"}],"wp:attachment":[{"href":"https:\/\/castellocapano.org\/it\/wp-json\/wp\/v2\/media?parent=693"}],"curies":[{"name":"wp","href":"https:\/\/api.w.org\/{rel}","templated":true}]}}