{"id":3,"date":"2021-06-15T01:05:59","date_gmt":"2021-06-14T23:05:59","guid":{"rendered":"http:\/\/castellocapano.org\/?page_id=3"},"modified":"2021-08-05T22:26:21","modified_gmt":"2021-08-05T20:26:21","slug":"privacy-policy","status":"publish","type":"page","link":"https:\/\/castellocapano.org\/it\/privacy-policy\/","title":{"rendered":"Privacy Policy"},"content":{"rendered":"<div class=\"is-divider divider clearfix\" ><\/div>\n\n<h1 style=\"text-align: center;\"><strong>INFORMATIVA SUL TRATTAMENTO DEI DATI PERSONALI ai sensi dell\u2019articolo 13 del Regolamento (UE) 2016\/679<\/strong><\/h1>\n<p>&nbsp;<\/p>\n<p>Questa informativa viene resa ai sensi del Regolamento (UE) 2016\/679 (di seguito \u201cRegolamento\u201d o \u201cGDPR\u201d) e descrive le modalit\u00e0 di trattamento dei dati personali degli utenti che consultano e che utilizzano il presente sito web, accessibile all\u2019indirizzo www.tramemediterranee.org (\u201cSito\u201d). <br>Non riguarda, invece, altri siti o servizi online esterni eventualmente raggiungibili tramite link presenti nel Sito.<\/p>\n<p><strong>A.&nbsp;<\/strong><strong>TITOLARE DEL TRATTAMENTO<br><br><\/strong>A seguito della consultazione del Sito possono essere trattati dati relativi all\u2019utente che accede al sito (definito \u201cinteressato\u201d in quanto persona fisica identificata o identificabile).<br>Titolare del trattamento \u00e8 Future Food Mediterraneo SRL (P.I. 05782950876), Piazza Cardinale Pappalardo n\u00b023 &#8211; 95131 Catania; hello@futurefoodinstitute.org<\/p>\n<p><strong>B. FINALIT\u00c0 DEL TRATTAMENTO, TIPI DI DATI TRATTATI E PERIODO DI CONSERVAZIONE<\/strong><\/p>\n<p><em>Dati di navigazione<br><\/em>I sistemi informatici e le procedure software preposte al funzionamento di questo sito acquisiscono, nel corso del loro normale esercizio, alcuni dati personali la cui trasmissione \u00e8 implicita nella navigazione dei siti web. Queste informazioni non sono raccolte per essere associate a interessati identificati; tuttavia, per loro stessa natura potrebbero, attraverso elaborazioni ed associazioni con dati detenuti da terzi, permettere di identificare gli utenti. Fra essi rientrano gli indirizzi IP o i nomi a dominio dei computer utilizzati dagli utenti che si connettono al sito, gli indirizzi URL delle risorse richieste, l\u2019orario della richiesta, il metodo utilizzato nel sottoporre la richiesta al server, la dimensione del file ottenuto in risposta, il codice numerico indicante lo stato della risposta data dal server ed altri parametri relativi al sistema operativo e alla piattaforma adoperata dall\u2019utente.<br>I dati di cui sopra vengono utilizzati al solo fine di ricavare informazioni statistiche anonime sull\u2019uso del sito e per controllarne il corretto funzionamento; vengono cancellati immediatamente dopo l\u2019elaborazione. I dati potrebbero essere utilizzati per l\u2019accertamento di responsabilit\u00e0 in caso di ipotetici reati informatici ai danni del sito: salva questa eventualit\u00e0, allo stato i dati sui contatti web non persistono per pi\u00f9 di sette giorni. Per quanto riguarda i cookie, si rinvia all\u2019omonimo paragrafo della presente sezione B.<\/p>\n<p><em>Dati comunicati dall\u2019utente<br><\/em>L\u2019invio facoltativo, esplicito e volontario di comunicazioni a mezzo di moduli di contatto presenti sul sito o di posta elettronica agli indirizzi indicati su questo sito, anche al fine di proporre candidature riferite a eventuali posizioni lavorative aperte o per inviare candidature spontanee, comporta la successiva acquisizione dei dati comunicati dall\u2019utente, ivi incluso il suo indirizzo e-mail, e il consenso a ricevere eventuali messaggi di risposta alle proprie richieste.<br>I dati personali cos\u00ec forniti sono utilizzati al solo fine di soddisfare o dare riscontro alle richieste trasmesse e sono comunicati a terzi solo nel caso in cui ci\u00f2 sia a tal fine necessario. I dati vengono conservati per il periodo necessario ai fini dell\u2019espletamento della richiesta e in conformit\u00e0 alla normativa vigente.<\/p>\n<p><strong>C. BASE GIURIDICA DEL TRATTAMENTO<br><br><\/strong>La base giuridica \u00e8:<br>-paragrafo B.1 &#8211; <em>Dati di navigazione<\/em>, il&nbsp;<em>legittimo interesse <\/em>del Titolare;<br>-paragrafo B.2 &#8211; <em>Dati comunicati dall\u2019utente<\/em>, la&nbsp;<em>prestazione dei servizi&nbsp;<\/em>richiesti dall\u2019Interessato;<br>-paragrafo B.3 &#8211; il <em>consenso<\/em><\/p>\n<p><strong>D. DESTINATARI DEI DATI<br><br><\/strong>I dati personali raccolti sono trattati dal personale del Titolare, che agisce sulla base di specifiche istruzioni fornite in ordine a finalit\u00e0 e modalit\u00e0 del trattamento medesimo.<br>Inoltre, i responsabili nominati dal Titolare sono destinatari dei dati raccolti a seguito della consultazione del Sito. Il relativo elenco pu\u00f2 essere richiesto al Titolare utilizzando i dati di contatto di cui alla sezione A.<\/p>\n<p><strong>E. DIRITTI DEGLI INTERESSATI<br><br><\/strong>Gli interessati hanno il diritto di ottenere dal Titolare, nei casi previsti, l\u2019accesso ai dati personali e la rettifica o la cancellazione degli stessi o la limitazione del trattamento che li riguarda o di opporsi al trattamento; hanno altres\u00ec il diritto alla portabilit\u00e0 dei dati (artt. 15 e ss. del Regolamento). I diritti possono essere esercitati contattando il Titolare mediante i dati di contatto di cui alla sezione A.<\/p>\n<p><strong>F. DIRITTO DI RECLAMO<br><br><\/strong>Gli interessati che ritengono che il trattamento dei dati personali a loro riferiti effettuato attraverso questo sito avvenga in violazione di quanto previsto dal Regolamento hanno il diritto di proporre reclamo al Garante (come previsto dall\u2019art. 77 del Regolamento), o alle opportune sedi giudiziarie (come previsto dall\u2019art. 79 del Regolamento).<\/p>\n<p>&nbsp;<\/p>\n<p>&nbsp;<\/p>","protected":false},"excerpt":{"rendered":"","protected":false},"author":1,"featured_media":0,"parent":0,"menu_order":0,"comment_status":"closed","ping_status":"open","template":"","meta":{"footnotes":""},"class_list":["post-3","page","type-page","status-publish","hentry"],"yoast_head":"<!-- This site is optimized with the Yoast SEO plugin v27.4 - https:\/\/yoast.com\/product\/yoast-seo-wordpress\/ -->\n<title>Privacy Policy - Castello dei Principi Capano<\/title>\n<meta name=\"robots\" content=\"noindex, nofollow\" \/>\n<meta property=\"og:locale\" content=\"it_IT\" \/>\n<meta property=\"og:type\" content=\"article\" \/>\n<meta property=\"og:title\" content=\"Privacy Policy - Castello dei Principi Capano\" \/>\n<meta property=\"og:url\" content=\"https:\/\/castellocapano.org\/it\/privacy-policy\/\" \/>\n<meta property=\"og:site_name\" content=\"Castello dei Principi Capano\" \/>\n<meta property=\"article:modified_time\" content=\"2021-08-05T20:26:21+00:00\" \/>\n<meta name=\"twitter:card\" content=\"summary_large_image\" \/>\n<meta name=\"twitter:label1\" content=\"Tempo di lettura stimato\" \/>\n\t<meta name=\"twitter:data1\" content=\"4 minuti\" \/>\n<script type=\"application\/ld+json\" class=\"yoast-schema-graph\">{\"@context\":\"https:\\\/\\\/schema.org\",\"@graph\":[{\"@type\":\"WebPage\",\"@id\":\"https:\\\/\\\/castellocapano.org\\\/privacy-policy\\\/\",\"url\":\"https:\\\/\\\/castellocapano.org\\\/privacy-policy\\\/\",\"name\":\"Privacy Policy - Castello dei Principi Capano\",\"isPartOf\":{\"@id\":\"https:\\\/\\\/castellocapano.org\\\/#website\"},\"datePublished\":\"2021-06-14T23:05:59+00:00\",\"dateModified\":\"2021-08-05T20:26:21+00:00\",\"breadcrumb\":{\"@id\":\"https:\\\/\\\/castellocapano.org\\\/privacy-policy\\\/#breadcrumb\"},\"inLanguage\":\"it-IT\",\"potentialAction\":[{\"@type\":\"ReadAction\",\"target\":[\"https:\\\/\\\/castellocapano.org\\\/privacy-policy\\\/\"]}]},{\"@type\":\"BreadcrumbList\",\"@id\":\"https:\\\/\\\/castellocapano.org\\\/privacy-policy\\\/#breadcrumb\",\"itemListElement\":[{\"@type\":\"ListItem\",\"position\":1,\"name\":\"Home\",\"item\":\"https:\\\/\\\/castellocapano.org\\\/\"},{\"@type\":\"ListItem\",\"position\":2,\"name\":\"Privacy Policy\"}]},{\"@type\":\"WebSite\",\"@id\":\"https:\\\/\\\/castellocapano.org\\\/#website\",\"url\":\"https:\\\/\\\/castellocapano.org\\\/\",\"name\":\"Castello dei Principi Capano\",\"description\":\"\",\"potentialAction\":[{\"@type\":\"SearchAction\",\"target\":{\"@type\":\"EntryPoint\",\"urlTemplate\":\"https:\\\/\\\/castellocapano.org\\\/?s={search_term_string}\"},\"query-input\":{\"@type\":\"PropertyValueSpecification\",\"valueRequired\":true,\"valueName\":\"search_term_string\"}}],\"inLanguage\":\"it-IT\"}]}<\/script>\n<!-- \/ Yoast SEO plugin. -->","yoast_head_json":{"title":"Privacy Policy - Castello dei Principi Capano","robots":{"index":"noindex","follow":"nofollow"},"og_locale":"it_IT","og_type":"article","og_title":"Privacy Policy - Castello dei Principi Capano","og_url":"https:\/\/castellocapano.org\/it\/privacy-policy\/","og_site_name":"Castello dei Principi Capano","article_modified_time":"2021-08-05T20:26:21+00:00","twitter_card":"summary_large_image","twitter_misc":{"Tempo di lettura stimato":"4 minuti"},"schema":{"@context":"https:\/\/schema.org","@graph":[{"@type":"WebPage","@id":"https:\/\/castellocapano.org\/privacy-policy\/","url":"https:\/\/castellocapano.org\/privacy-policy\/","name":"Privacy Policy - Castello dei Principi Capano","isPartOf":{"@id":"https:\/\/castellocapano.org\/#website"},"datePublished":"2021-06-14T23:05:59+00:00","dateModified":"2021-08-05T20:26:21+00:00","breadcrumb":{"@id":"https:\/\/castellocapano.org\/privacy-policy\/#breadcrumb"},"inLanguage":"it-IT","potentialAction":[{"@type":"ReadAction","target":["https:\/\/castellocapano.org\/privacy-policy\/"]}]},{"@type":"BreadcrumbList","@id":"https:\/\/castellocapano.org\/privacy-policy\/#breadcrumb","itemListElement":[{"@type":"ListItem","position":1,"name":"Home","item":"https:\/\/castellocapano.org\/"},{"@type":"ListItem","position":2,"name":"Privacy Policy"}]},{"@type":"WebSite","@id":"https:\/\/castellocapano.org\/#website","url":"https:\/\/castellocapano.org\/","name":"Castello dei Principi Capano","description":"","potentialAction":[{"@type":"SearchAction","target":{"@type":"EntryPoint","urlTemplate":"https:\/\/castellocapano.org\/?s={search_term_string}"},"query-input":{"@type":"PropertyValueSpecification","valueRequired":true,"valueName":"search_term_string"}}],"inLanguage":"it-IT"}]}},"_links":{"self":[{"href":"https:\/\/castellocapano.org\/it\/wp-json\/wp\/v2\/pages\/3","targetHints":{"allow":["GET"]}}],"collection":[{"href":"https:\/\/castellocapano.org\/it\/wp-json\/wp\/v2\/pages"}],"about":[{"href":"https:\/\/castellocapano.org\/it\/wp-json\/wp\/v2\/types\/page"}],"author":[{"embeddable":true,"href":"https:\/\/castellocapano.org\/it\/wp-json\/wp\/v2\/users\/1"}],"replies":[{"embeddable":true,"href":"https:\/\/castellocapano.org\/it\/wp-json\/wp\/v2\/comments?post=3"}],"version-history":[{"count":5,"href":"https:\/\/castellocapano.org\/it\/wp-json\/wp\/v2\/pages\/3\/revisions"}],"predecessor-version":[{"id":641,"href":"https:\/\/castellocapano.org\/it\/wp-json\/wp\/v2\/pages\/3\/revisions\/641"}],"wp:attachment":[{"href":"https:\/\/castellocapano.org\/it\/wp-json\/wp\/v2\/media?parent=3"}],"curies":[{"name":"wp","href":"https:\/\/api.w.org\/{rel}","templated":true}]}}